{"id":5575,"date":"2025-08-29T16:12:59","date_gmt":"2025-08-29T16:12:59","guid":{"rendered":"https:\/\/www.nocoplaces.com\/nuestros-socios\/"},"modified":"2025-09-30T17:04:04","modified_gmt":"2025-09-30T17:04:04","slug":"nuestros-socios","status":"publish","type":"page","link":"https:\/\/www.nocoplaces.org\/es\/nuestros-socios\/","title":{"rendered":"Nuestros socios"},"content":{"rendered":"\t\t<div data-elementor-type=\"wp-page\" data-elementor-id=\"5575\" class=\"elementor elementor-5575 elementor-5469\" data-elementor-post-type=\"page\">\n\t\t\t\t<div class=\"elementor-element elementor-element-ce49388 e-flex e-con-boxed e-con e-parent\" data-id=\"ce49388\" data-element_type=\"container\" data-e-type=\"container\">\n\t\t\t\t\t<div class=\"e-con-inner\">\n\t\t\t\t<div class=\"elementor-element elementor-element-516aa50 elementor-widget elementor-widget-image\" data-id=\"516aa50\" data-element_type=\"widget\" data-e-type=\"widget\" data-widget_type=\"image.default\">\n\t\t\t\t<div class=\"elementor-widget-container\">\n\t\t\t\t\t\t\t\t\t\t\t\t\t\t\t<img fetchpriority=\"high\" decoding=\"async\" width=\"1348\" height=\"368\" src=\"https:\/\/www.nocoplaces.org\/wp-content\/uploads\/2025\/09\/winter-walkers-hero2.jpg\" class=\"attachment-full size-full wp-image-5531\" alt=\"people walking in winter\" srcset=\"https:\/\/www.nocoplaces.org\/wp-content\/uploads\/2025\/09\/winter-walkers-hero2.jpg 1348w, https:\/\/www.nocoplaces.org\/wp-content\/uploads\/2025\/09\/winter-walkers-hero2-300x82.jpg 300w, https:\/\/www.nocoplaces.org\/wp-content\/uploads\/2025\/09\/winter-walkers-hero2-1024x280.jpg 1024w, https:\/\/www.nocoplaces.org\/wp-content\/uploads\/2025\/09\/winter-walkers-hero2-768x210.jpg 768w\" sizes=\"(max-width: 1348px) 100vw, 1348px\" \/>\t\t\t\t\t\t\t\t\t\t\t\t\t\t\t<\/div>\n\t\t\t\t<\/div>\n\t\t\t\t\t<\/div>\n\t\t\t\t<\/div>\n\t\t<div class=\"elementor-element elementor-element-a374ede e-flex e-con-boxed e-con e-parent\" data-id=\"a374ede\" data-element_type=\"container\" data-e-type=\"container\">\n\t\t\t\t\t<div class=\"e-con-inner\">\n\t\t\t\t<div class=\"elementor-element elementor-element-04268dd elementor-widget elementor-widget-heading\" data-id=\"04268dd\" data-element_type=\"widget\" data-e-type=\"widget\" data-widget_type=\"heading.default\">\n\t\t\t\t<div class=\"elementor-widget-container\">\n\t\t\t\t\t<h2 class=\"elementor-heading-title elementor-size-default\">Socios de NoCo Places<\/h2>\t\t\t\t<\/div>\n\t\t\t\t<\/div>\n\t\t\t\t<div class=\"elementor-element elementor-element-56af1b1 elementor-widget elementor-widget-text-editor\" data-id=\"56af1b1\" data-element_type=\"widget\" data-e-type=\"widget\" data-widget_type=\"text-editor.default\">\n\t\t\t\t<div class=\"elementor-widget-container\">\n\t\t\t\t\t\t\t\t\t<p>El Comit\u00e9 Ejecutivo establece la direcci\u00f3n estrat\u00e9gica, que se desarrolla en consulta con los Socios de NoCo, un grupo de aproximadamente 70 personas que incluye a los miembros del Comit\u00e9 Ejecutivo, personal adicional de cada una de las agencias y personas con experiencia en temas importantes para la gesti\u00f3n de estos terrenos p\u00fablicos. Sus conocimientos son diversos y amplios, e incluyen las actividades recreativas al aire libre motorizadas y no motorizadas, el medio ambiente, los recursos hist\u00f3ricos y culturales, el transporte, la industria de las actividades recreativas al aire libre y otras cuestiones que afectan directamente a los paisajes del norte de Colorado. <\/p><p data-wp-editing=\"1\"><a href=\"https:\/\/www.nocoplaces.org\/wp-content\/uploads\/2025\/09\/NoCo-Places-Partners-List-09-12-25.pdf\" target=\"_blank\" rel=\"noopener\"><strong data-wp-editing=\"1\"><img decoding=\"async\" class=\"alignnone wp-image-352\" src=\"https:\/\/www.nocoplaces.org\/wp-content\/uploads\/2022\/02\/pdf-icon-300x300.png\" alt=\"Icono Adobe PDF\" width=\"28\" height=\"28\">  Descargar lista de socios  <\/strong><\/a><\/p>\t\t\t\t\t\t\t\t<\/div>\n\t\t\t\t<\/div>\n\t\t\t\t\t<\/div>\n\t\t\t\t<\/div>\n\t\t\t\t<\/div>\n\t\t","protected":false},"excerpt":{"rendered":"<p>Socios de NoCo Places El Comit\u00e9 Ejecutivo establece la direcci\u00f3n estrat\u00e9gica, que se desarrolla en consulta con los Socios de NoCo, un grupo de aproximadamente 70 personas que incluye a los miembros del Comit\u00e9 Ejecutivo, personal adicional de cada una de las agencias y personas con experiencia en temas importantes para la gesti\u00f3n de estos [&hellip;]<\/p>\n","protected":false},"author":5,"featured_media":0,"parent":0,"menu_order":0,"comment_status":"closed","ping_status":"closed","template":"elementor_header_footer","meta":{"_acf_changed":false,"_monsterinsights_skip_tracking":false,"_monsterinsights_sitenote_active":false,"_monsterinsights_sitenote_note":"","_monsterinsights_sitenote_category":0,"footnotes":""},"class_list":["post-5575","page","type-page","status-publish","hentry"],"acf":[],"featured_image_src":null,"featured_image_src_square":null,"_links":{"self":[{"href":"https:\/\/www.nocoplaces.org\/es\/wp-json\/wp\/v2\/pages\/5575","targetHints":{"allow":["GET"]}}],"collection":[{"href":"https:\/\/www.nocoplaces.org\/es\/wp-json\/wp\/v2\/pages"}],"about":[{"href":"https:\/\/www.nocoplaces.org\/es\/wp-json\/wp\/v2\/types\/page"}],"author":[{"embeddable":true,"href":"https:\/\/www.nocoplaces.org\/es\/wp-json\/wp\/v2\/users\/5"}],"replies":[{"embeddable":true,"href":"https:\/\/www.nocoplaces.org\/es\/wp-json\/wp\/v2\/comments?post=5575"}],"version-history":[{"count":0,"href":"https:\/\/www.nocoplaces.org\/es\/wp-json\/wp\/v2\/pages\/5575\/revisions"}],"wp:attachment":[{"href":"https:\/\/www.nocoplaces.org\/es\/wp-json\/wp\/v2\/media?parent=5575"}],"curies":[{"name":"wp","href":"https:\/\/api.w.org\/{rel}","templated":true}]}}